{"id":39,"date":"2022-03-05T17:30:14","date_gmt":"2022-03-05T16:30:14","guid":{"rendered":"http:\/\/foerder-gym-seligenthal.de\/wp\/?page_id=39"},"modified":"2023-04-18T11:56:51","modified_gmt":"2023-04-18T09:56:51","slug":"foerderungen","status":"publish","type":"page","link":"https:\/\/foerder-gym-seligenthal.de\/wp\/foerderungen\/","title":{"rendered":"F\u00f6rderungen"},"content":{"rendered":"\n<div class=\"wp-block-columns is-layout-flex wp-container-core-columns-is-layout-9d6595d7 wp-block-columns-is-layout-flex\">\n<div class=\"wp-block-column is-layout-flow wp-block-column-is-layout-flow\">\n<div class=\"wp-block-media-text alignwide is-stacked-on-mobile\"><figure class=\"wp-block-media-text__media\"><img loading=\"lazy\" decoding=\"async\" width=\"600\" height=\"523\" src=\"http:\/\/foerder-gym-seligenthal.de\/wp\/wp-content\/uploads\/2022\/03\/uebergabe_symbolischer_spendenscheck.jpg\" alt=\"Vier Damen und ein Herr der Vostandschaft pr\u00e4sentieren einen symbolischen Spendenscheck\" class=\"wp-image-33 size-full\" srcset=\"https:\/\/foerder-gym-seligenthal.de\/wp\/wp-content\/uploads\/2022\/03\/uebergabe_symbolischer_spendenscheck.jpg 600w, https:\/\/foerder-gym-seligenthal.de\/wp\/wp-content\/uploads\/2022\/03\/uebergabe_symbolischer_spendenscheck-300x262.jpg 300w\" sizes=\"auto, (max-width: 600px) 100vw, 600px\" \/><\/figure><div class=\"wp-block-media-text__content\">\n<h2 class=\"wp-block-heading\">\u00dcbergabe des symbolischen Spendenschecks<\/h2>\n\n\n\n<p>Seit Gr\u00fcndung des Vereins im Jahr 2020 haben wir die Schule mit knapp 270.000 EUR unterst\u00fctzt.<br>Bereits 2018 fand deshalb eine symbolische Spenden\u00fcbergabe statt.<br>&nbsp;<br>Aktuell finanzieren wir insbesondere ein \u201eLernpatenprojekt\u201c, bei dem Sch\u00fcler und Sch\u00fclerinnen der oberen Klassen Unterstuflern helfen, pandemiebedingte Wissensl\u00fccken zu schlie\u00dfen.<\/p>\n<\/div><\/div>\n<\/div>\n<\/div>\n","protected":false},"excerpt":{"rendered":"<p>\u00dcbergabe des symbolischen Spendenschecks Seit Gr\u00fcndung des Vereins im Jahr 2020 haben wir die Schule mit knapp 270.000 EUR unterst\u00fctzt.Bereits 2018 fand deshalb eine symbolische Spenden\u00fcbergabe statt.&nbsp;Aktuell finanzieren wir insbesondere ein \u201eLernpatenprojekt\u201c, bei dem Sch\u00fcler und Sch\u00fclerinnen der oberen Klassen Unterstuflern helfen, pandemiebedingte Wissensl\u00fccken zu schlie\u00dfen.<\/p>\n","protected":false},"author":1,"featured_media":0,"parent":0,"menu_order":0,"comment_status":"closed","ping_status":"closed","template":"","meta":{"footnotes":""},"class_list":["post-39","page","type-page","status-publish","hentry"],"_links":{"self":[{"href":"https:\/\/foerder-gym-seligenthal.de\/wp\/wp-json\/wp\/v2\/pages\/39","targetHints":{"allow":["GET"]}}],"collection":[{"href":"https:\/\/foerder-gym-seligenthal.de\/wp\/wp-json\/wp\/v2\/pages"}],"about":[{"href":"https:\/\/foerder-gym-seligenthal.de\/wp\/wp-json\/wp\/v2\/types\/page"}],"author":[{"embeddable":true,"href":"https:\/\/foerder-gym-seligenthal.de\/wp\/wp-json\/wp\/v2\/users\/1"}],"replies":[{"embeddable":true,"href":"https:\/\/foerder-gym-seligenthal.de\/wp\/wp-json\/wp\/v2\/comments?post=39"}],"version-history":[{"count":2,"href":"https:\/\/foerder-gym-seligenthal.de\/wp\/wp-json\/wp\/v2\/pages\/39\/revisions"}],"predecessor-version":[{"id":80,"href":"https:\/\/foerder-gym-seligenthal.de\/wp\/wp-json\/wp\/v2\/pages\/39\/revisions\/80"}],"wp:attachment":[{"href":"https:\/\/foerder-gym-seligenthal.de\/wp\/wp-json\/wp\/v2\/media?parent=39"}],"curies":[{"name":"wp","href":"https:\/\/api.w.org\/{rel}","templated":true}]}}