{"id":16,"date":"2022-03-05T16:36:19","date_gmt":"2022-03-05T15:36:19","guid":{"rendered":"http:\/\/foerder-gym-seligenthal.de\/wp\/?page_id=16"},"modified":"2023-04-18T11:56:46","modified_gmt":"2023-04-18T09:56:46","slug":"foerderverein-des-gymnasiums-seligenthal","status":"publish","type":"page","link":"https:\/\/foerder-gym-seligenthal.de\/wp\/","title":{"rendered":"F\u00f6rderverein des Gymnasiums Seligenthal"},"content":{"rendered":"\n<div class=\"wp-block-columns is-layout-flex wp-container-core-columns-is-layout-9d6595d7 wp-block-columns-is-layout-flex\">\n<div class=\"wp-block-column is-layout-flow wp-block-column-is-layout-flow\">\n<figure class=\"wp-block-image size-full\"><img loading=\"lazy\" decoding=\"async\" width=\"600\" height=\"392\" src=\"http:\/\/foerder-gym-seligenthal.de\/wp\/wp-content\/uploads\/2022\/03\/instrumente_vom_foerderverein.jpg\" alt=\"Gruppe von Sch\u00fclerinnen und Sch\u00fclern mit Geigen, Cello, Bassgeige, Saxophon, Klarinette vor einem Klavier im Musikraum.\" class=\"wp-image-24\" srcset=\"https:\/\/foerder-gym-seligenthal.de\/wp\/wp-content\/uploads\/2022\/03\/instrumente_vom_foerderverein.jpg 600w, https:\/\/foerder-gym-seligenthal.de\/wp\/wp-content\/uploads\/2022\/03\/instrumente_vom_foerderverein-300x196.jpg 300w\" sizes=\"auto, (max-width: 600px) 100vw, 600px\" \/><figcaption class=\"wp-element-caption\">Sch\u00fclergruppe mit Instrumenten\n<\/figcaption><\/figure>\n\n\n\n<div style=\"height:20px\" aria-hidden=\"true\" class=\"wp-block-spacer\"><\/div>\n\n\n\n<h2 class=\"wp-block-heading\">Wer sind wir?<\/h2>\n\n\n\n<p>Zweck unseres Vereins ist die Unterst\u00fctzung des Gymnasiums Seligenthal in allen Belangen. Dies umfasst vor allem Hilfe in finanzieller Hinsicht f\u00fcr Projekte und Unternehmungen, die \u00fcber den \u00fcblichen Horizont einer Schule hinausgehen und deswegen aus dem normalen Budget nicht finanziert werden k\u00f6nnen.<\/p>\n\n\n\n<div class=\"wp-block-columns is-layout-flex wp-container-core-columns-is-layout-9d6595d7 wp-block-columns-is-layout-flex\">\n<div class=\"wp-block-column is-layout-flow wp-block-column-is-layout-flow\">\n<figure class=\"wp-block-image size-full\"><img loading=\"lazy\" decoding=\"async\" width=\"600\" height=\"383\" src=\"http:\/\/foerder-gym-seligenthal.de\/wp\/wp-content\/uploads\/2022\/03\/vorstandschaft-1.jpg\" alt=\"Gruppenfoto von sieben Damen und einem Herren der Vorstandschaft\" class=\"wp-image-119\" srcset=\"https:\/\/foerder-gym-seligenthal.de\/wp\/wp-content\/uploads\/2022\/03\/vorstandschaft-1.jpg 600w, https:\/\/foerder-gym-seligenthal.de\/wp\/wp-content\/uploads\/2022\/03\/vorstandschaft-1-300x192.jpg 300w\" sizes=\"auto, (max-width: 600px) 100vw, 600px\" \/><figcaption class=\"wp-element-caption\">Gruppenfoto der Vorstandschaft<\/figcaption><\/figure>\n<\/div>\n<\/div>\n\n\n\n<h2 class=\"wp-block-heading\">Was tun wir?<\/h2>\n\n\n\n<p>Wir f\u00f6rdern die p\u00e4dagogische Arbeit und die Ausstattung des Gymnasiums durch Zuwendungen, wie z.B.<\/p>\n\n\n\n<ul class=\"wp-block-list\">\n<li>Ausstattung der Schulr\u00e4ume mit modernen Medien, z.B. Dokumentenkamera, Whiteboards<\/li>\n\n\n\n<li>Anschaffung von Instrumenten, Experimentierk\u00e4sten und Schulmikroskope f\u00fcr MINT F\u00e4cher, fremdsprachige Literatur , Unterst\u00fctzung von Seminaren und dem gesellschaftlichen Engagement von Sch\u00fclerinnen und Sch\u00fclern<\/li>\n\n\n\n<li>Zusch\u00fcsse f\u00fcr Klassenfahrten um die Gemeinschaft zu st\u00e4rken<\/li>\n\n\n\n<li>Unterst\u00fctzung der Schule und Organisation von Veranstaltungen, z.B. Berufsinformationstage (ggf. mit Stellung von Referenten)<\/li>\n<\/ul>\n<\/div>\n\n\n\n<div class=\"wp-block-column is-layout-flow wp-block-column-is-layout-flow\">\n<p>Die F\u00f6rdermittel des Vereins setzen sich haupts\u00e4chlich aus Mitgliedsbeitr\u00e4gen und Spenden zusammen. Seit unserer Gr\u00fcndung im Jahr 2000 ist so eine F\u00f6rdersumme von insgesamt \u00fcber 270.000 \u20ac zusammengekommen (Stand 2021).<\/p>\n\n\n\n<div style=\"height:40px\" aria-hidden=\"true\" class=\"wp-block-spacer\"><\/div>\n\n\n\n<h2 class=\"wp-block-heading\"><strong>Warum lohnt sich der Beitritt?<\/strong><\/h2>\n\n\n\n<ul class=\"wp-block-list\">\n<li>Wir sorgen f\u00fcr eine weitreichende Netzwerkbildung f\u00fcr Sch\u00fclerinnen, Sch\u00fcler und \u201eEhemalige\u201c, die ihre gesammelten Erfahrungen an die J\u00fcngeren weitergeben k\u00f6nnen.<\/li>\n\n\n\n<li>Viele unserer Mitglieder haben \u00fcber die Jahre eine enge Verbindung zum Gymnasium und zu Seligenthal aufgebaut. Durch den Verein bleibt der Kontakt weiter bestehen.<\/li>\n\n\n\n<li>Wir bieten etwa zweimal im Jahr Unternehmungen f\u00fcr unsere Mitglieder an. In der Vergangenheit haben wir z.B. eine Vorstellung im G\u00e4rtnerplatztheater besucht, ebenso den Neubau des Staatsarchivs in Landshut sowie eine Nachtw\u00e4chterf\u00fchrung organisiert.<\/li>\n<\/ul>\n\n\n\n<div style=\"height:40px\" aria-hidden=\"true\" class=\"wp-block-spacer\"><\/div>\n\n\n\n<h2 class=\"wp-block-heading\">Wer ist dabei?<\/h2>\n\n\n\n<p>Der Verein hat \u00fcber 400 Mitglieder und besteht haupt- s\u00e4chlich aus Sch\u00fclereltern, ehemaligen Sch\u00fclerinnen, Sch\u00fclern und (ehemaligen) Lehrkr\u00e4ften. Er steht aber allen Interessierten offen und wir freuen uns \u00fcber jeden, der beitreten will.<\/p>\n\n\n\n<figure class=\"wp-block-image size-full\"><img loading=\"lazy\" decoding=\"async\" width=\"600\" height=\"400\" src=\"http:\/\/foerder-gym-seligenthal.de\/wp\/wp-content\/uploads\/2022\/03\/gym_schuelergruppe_seligenthal.jpg\" alt=\"Sch\u00fclergruppe auf St\u00fchlen um einen Schultisch beim gemeinsamen lernen.\" class=\"wp-image-23\" srcset=\"https:\/\/foerder-gym-seligenthal.de\/wp\/wp-content\/uploads\/2022\/03\/gym_schuelergruppe_seligenthal.jpg 600w, https:\/\/foerder-gym-seligenthal.de\/wp\/wp-content\/uploads\/2022\/03\/gym_schuelergruppe_seligenthal-300x200.jpg 300w\" sizes=\"auto, (max-width: 600px) 100vw, 600px\" \/><figcaption class=\"wp-element-caption\">Sch\u00fclergruppe beim gemeinsamen Lernen<\/figcaption><\/figure>\n<\/div>\n<\/div>\n","protected":false},"excerpt":{"rendered":"<p>Wer sind wir? Zweck unseres Vereins ist die Unterst\u00fctzung des Gymnasiums Seligenthal in allen Belangen. Dies umfasst vor allem Hilfe in finanzieller Hinsicht f\u00fcr Projekte und Unternehmungen, die \u00fcber den \u00fcblichen Horizont einer Schule hinausgehen und deswegen aus dem normalen Budget nicht finanziert werden k\u00f6nnen. Was tun wir? Wir f\u00f6rdern die p\u00e4dagogische Arbeit und die [&hellip;]<\/p>\n","protected":false},"author":1,"featured_media":0,"parent":0,"menu_order":0,"comment_status":"closed","ping_status":"closed","template":"","meta":{"footnotes":""},"class_list":["post-16","page","type-page","status-publish","hentry"],"_links":{"self":[{"href":"https:\/\/foerder-gym-seligenthal.de\/wp\/wp-json\/wp\/v2\/pages\/16","targetHints":{"allow":["GET"]}}],"collection":[{"href":"https:\/\/foerder-gym-seligenthal.de\/wp\/wp-json\/wp\/v2\/pages"}],"about":[{"href":"https:\/\/foerder-gym-seligenthal.de\/wp\/wp-json\/wp\/v2\/types\/page"}],"author":[{"embeddable":true,"href":"https:\/\/foerder-gym-seligenthal.de\/wp\/wp-json\/wp\/v2\/users\/1"}],"replies":[{"embeddable":true,"href":"https:\/\/foerder-gym-seligenthal.de\/wp\/wp-json\/wp\/v2\/comments?post=16"}],"version-history":[{"count":18,"href":"https:\/\/foerder-gym-seligenthal.de\/wp\/wp-json\/wp\/v2\/pages\/16\/revisions"}],"predecessor-version":[{"id":153,"href":"https:\/\/foerder-gym-seligenthal.de\/wp\/wp-json\/wp\/v2\/pages\/16\/revisions\/153"}],"wp:attachment":[{"href":"https:\/\/foerder-gym-seligenthal.de\/wp\/wp-json\/wp\/v2\/media?parent=16"}],"curies":[{"name":"wp","href":"https:\/\/api.w.org\/{rel}","templated":true}]}}